{"id":27,"date":"2022-08-19T14:26:21","date_gmt":"2022-08-19T14:26:21","guid":{"rendered":"http:\/\/www.mudrimaq.es\/?page_id=27"},"modified":"2022-08-22T16:05:53","modified_gmt":"2022-08-22T16:05:53","slug":"inicio","status":"publish","type":"page","link":"https:\/\/www.mudrimaq.es\/","title":{"rendered":"Empresa"},"content":{"rendered":"\n<p>MUDRIMAQ fue creada en 2019, bas\u00e1ndose a entusiasmo y profesionalidad que tiene su fundador &#8211; persona joven y din\u00e1mica, con muchos a\u00f1os de experiencia en el sector hortofrut\u00edcola. La tarea principal de la empresa es &#8211; ayuda y soporte a los agricultores, ofreci\u00e9ndoles servicios y gestiones de asesoramiento t\u00e9cnico. <\/p>\n","protected":false},"excerpt":{"rendered":"<p>MUDRIMAQ fue creada en 2019, bas\u00e1ndose a entusiasmo y profesionalidad que tiene su fundador &#8211; persona joven y din\u00e1mica, con muchos a\u00f1os de experiencia en el sector hortofrut\u00edcola. La tarea principal de la empresa es &#8211; ayuda y soporte a los agricultores, ofreci\u00e9ndoles servicios y gestiones de asesoramiento t\u00e9cnico.<\/p>\n","protected":false},"author":1,"featured_media":116,"parent":0,"menu_order":0,"comment_status":"closed","ping_status":"closed","template":"","meta":{"footnotes":""},"class_list":["post-27","page","type-page","status-publish","has-post-thumbnail","hentry"],"_links":{"self":[{"href":"https:\/\/www.mudrimaq.es\/index.php\/wp-json\/wp\/v2\/pages\/27","targetHints":{"allow":["GET"]}}],"collection":[{"href":"https:\/\/www.mudrimaq.es\/index.php\/wp-json\/wp\/v2\/pages"}],"about":[{"href":"https:\/\/www.mudrimaq.es\/index.php\/wp-json\/wp\/v2\/types\/page"}],"author":[{"embeddable":true,"href":"https:\/\/www.mudrimaq.es\/index.php\/wp-json\/wp\/v2\/users\/1"}],"replies":[{"embeddable":true,"href":"https:\/\/www.mudrimaq.es\/index.php\/wp-json\/wp\/v2\/comments?post=27"}],"version-history":[{"count":4,"href":"https:\/\/www.mudrimaq.es\/index.php\/wp-json\/wp\/v2\/pages\/27\/revisions"}],"predecessor-version":[{"id":100,"href":"https:\/\/www.mudrimaq.es\/index.php\/wp-json\/wp\/v2\/pages\/27\/revisions\/100"}],"wp:featuredmedia":[{"embeddable":true,"href":"https:\/\/www.mudrimaq.es\/index.php\/wp-json\/wp\/v2\/media\/116"}],"wp:attachment":[{"href":"https:\/\/www.mudrimaq.es\/index.php\/wp-json\/wp\/v2\/media?parent=27"}],"curies":[{"name":"wp","href":"https:\/\/api.w.org\/{rel}","templated":true}]}}