{"id":3,"date":"2022-08-19T13:10:17","date_gmt":"2022-08-19T13:10:17","guid":{"rendered":"http:\/\/www.mudrimaq.es\/?page_id=3"},"modified":"2025-07-22T11:04:58","modified_gmt":"2025-07-22T11:04:58","slug":"politica-privacidad","status":"publish","type":"page","link":"https:\/\/www.mudrimaq.es\/index.php\/politica-privacidad\/","title":{"rendered":"Pol\u00edtica de privacidad"},"content":{"rendered":"\t\t<div data-elementor-type=\"wp-page\" data-elementor-id=\"3\" class=\"elementor elementor-3\">\n\t\t\t\t\t\t<section class=\"elementor-section elementor-top-section elementor-element elementor-element-ed86bde elementor-section-boxed elementor-section-height-default elementor-section-height-default\" data-id=\"ed86bde\" data-element_type=\"section\">\n\t\t\t\t\t\t<div class=\"elementor-container elementor-column-gap-default\">\n\t\t\t\t\t<div class=\"elementor-column elementor-col-100 elementor-top-column elementor-element elementor-element-2d6d0cf2\" data-id=\"2d6d0cf2\" data-element_type=\"column\">\n\t\t\t<div class=\"elementor-widget-wrap elementor-element-populated\">\n\t\t\t\t\t\t<div class=\"elementor-element elementor-element-1caea5eb elementor-widget elementor-widget-text-editor\" data-id=\"1caea5eb\" data-element_type=\"widget\" data-widget_type=\"text-editor.default\">\n\t\t\t\t<div class=\"elementor-widget-container\">\n\t\t\t\t\t\t\t\t\t\n<p><small>POL\u00cdTICA DE PRIVACIDAD<\/small><\/p>\n\n<p><small>Esta web cumple el Reglamento (UE) 2016\/679 del Parlamento Europeo y del Consejo, de 27 de abril de 2016, relativo a la protecci\u00f3n de las personas f\u00edsicas en lo que respecta al tratamiento de datos personales y a la libre circulaci\u00f3n de estos datos y por el que se deroga la Directiva 95\/46\/CE (En adelante, RGPD) y la Ley Org\u00e1nica 3\/2018, de 5 de diciembre, de Protecci\u00f3n de datos Personales y garant\u00ed de los derechos digitales.<\/small><\/p>\n\n<p><small>En todo momento se adoptan las medidas t\u00e9cnicas y de organizaci\u00f3n necesarias para garantizar la seguridad e integridad de los datos de car\u00e1cter personal que trate, as\u00ed como para evitar su p\u00e9rdida, alteraci\u00f3n y\/o acceso por parte de terceros no autorizados.<\/small><small><\/small><\/p>\n\n<p>\u00a0<\/p>\n\n<p><small>RESPONSABLE DE LA WEB<\/small><\/p>\n\n<p><small>Identidad del responsable: MUDRIMAQ SL<\/small>\u00a0(<small>NIF\/CIF: ES-B40565152<\/small>)<\/p>\n\n<p><small>Direcci\u00f3n: Pol\u00edgono 1 (La Torreta) Parcela 14 Bajo,\u00a0 46293 Beneixida (Valencia) Espa\u00f1a<\/small><\/p>\n\n<p><small>Para cualquier gesti\u00f3n o solicitud con respecto a la privacidad de MUDRIMAQ SL el usuario podr\u00e1 dirigirse a nuestra direcci\u00f3n o por correo electr\u00f3nico a\u00a0<a href=\"mailto:info@mudrimaq.es\" target=\"_blank\" rel=\"noreferrer noopener\"><small>info@mudrimaq.es<\/small><\/a><\/small><small><br \/><\/small><small><\/small><\/p>\n\n<p><small>MUDRIMAQ SL informa al Usuario de la existencia de un tratamiento de datos de car\u00e1cter personal (tratamiento denominado \u201cUSUARIOS WEB\u201d) creado con los datos obtenidos en la p\u00e1gina web por y para MUDRIMAQ SL y bajo su responsabilidad.<\/small><small>\u00a0<\/small><small>Dicho tratamiento ha sido creado con la finalidad de facilitar informaci\u00f3n sobre la prestaci\u00f3n de los servicios ofrecidos por la pagina web, as\u00ed como atender y gestionar las consultas realizadas por los usuarios a trav\u00e9s de esta v\u00eda.<\/small><\/p>\n\n<p>\u00a0<\/p>\n\n<p><small>C\u00d3MO SE OBTIENEN LOS DATOS Y BASE DEL CONSENTIMIENTO<\/small><\/p>\n\n<p><small>Como usuario, mediante la marcaci\u00f3n de la casilla, aceptas expresamente y de forma libre e inequ\u00edvoca que sus datos personales sean tratados por parte de MUDRIMAQ SL, para realizar las siguientes finalidades:<\/small><\/p>\n\n<ul class=\"wp-block-list\">\n<li><small>Remitir el bolet\u00edn informativo de las noticias de la web.<\/small><\/li>\n\n<li><small>Tramitar encargos, solicitudes o cualquier tipo de petici\u00f3n que sea realizada por el usuario a trav\u00e9s de cualquiera de las formas de contacto que se ponen a su disposici\u00f3n en la web.<\/small><\/li>\n\n<li><small>Remisi\u00f3n de comunicaciones comerciales publicitarias por e-mail relacionadas sobre productos o servicios que ofrece MUDRIMAQ SL, as\u00ed como por parte de los colaboradores con los que hubiera alcanzado alg\u00fan acuerdo de promoci\u00f3n comercial entre sus clientes. En este caso, los terceros nunca tendr\u00e1n acceso a los datos personales. En todo caso las comunicaciones comerciales ser\u00e1n realizadas por parte de MUDRIMAQ SL a trav\u00e9s del bolet\u00edn informativo y ser\u00e1n productos y servicios relacionados con el sector.<\/small><\/li>\n\n<li><small>Realizar estudios estad\u00edsticos.<\/small><\/li>\n<\/ul>\n\n<p><small>La base legal para el tratamiento de sus datos es:\u00a0el consentimiento.<\/small><\/p>\n\n<p><small>Los datos que se solicitan a trav\u00e9s de la web son obligatorios, ya que son necesarios para la prestaci\u00f3n de un servicio \u00f3ptimo al usuario. En caso de que no sean facilitados todos los datos, no garantizamos que la informaci\u00f3n y servicios facilitados sean completamente ajustados a sus necesidades.<\/small><\/p>\n\n<p>\u00a0<\/p>\n\n<p><small>ENCARGADOS DE TRATAMIENTO<\/small><\/p>\n\n<p><small>Para prestar servicios estrictamente necesarios para el desarrollo de la actividad, se comparten datos con los siguientes prestadores bajo sus correspondientes condiciones de privacidad: Google Analytics: un servicio anal\u00edtico de web prestado por Google, Inc., una compa\u00f1\u00eda de Delaware cuya oficina principal est\u00e1 en 1600 Amphitheatre Parkway, Mountain View (California), CA 94043, Estados Unidos (\u201cGoogle\u201d). Google Analytics utiliza \u201ccookies\u201d, que son archivos de texto ubicados en tu ordenador, para ayudar a pagina web (www.mudrimaq.es) a analizar el uso que hacen los usuarios del sitio web. La informaci\u00f3n que genera los cookies acerca de su uso de <a href=\"https:\/\/www.mudrimaq.es\/\" target=\"_blank\" rel=\"noreferrer noopener\">www.mudrimaq.es<\/a>\u00a0(incluyendo tu direcci\u00f3n IP) ser\u00e1 directamente transmitida y archivada por Google en sus\u00a0servidores.<\/small><\/p>\n\n<p>\u00a0<\/p>\n\n<p><small>EJERCICIO DE SUS DERECHOS<\/small><\/p>\n\n<p><small>A los usuarios de la web titularidad de MUDRIMAQ SL se les garantiza los derechos que se establecen en la legislaci\u00f3n en materia de Protecci\u00f3n de Datos Personales. En primer lugar, el usuario tiene derecho a obtener una confirmaci\u00f3n sobre si en MUDRIMAQ SL se est\u00e1n tratando datos personales que le conciernan o no. Los usuarios tendr\u00e1n derecho a acceder a sus datos personales, as\u00ed como a solicitar la rectificaci\u00f3n de los datos que sean inexactos o, en su caso, solicitar su supresi\u00f3n, oposici\u00f3n o limitaci\u00f3n cuando, entre otros motivos, los datos ya no sean necesarios para los fines que fueron recogidos, as\u00ed como la portabilidad para facilitar sus datos personales a un nuevo responsable. <\/small><small>Los usuarios tienen derecho a oponerse al tratamiento de sus datos personales, por lo que MUDRIMAQ SL dejar\u00e1 de tratar sus datos, salvo si existen motivos leg\u00edtimos, imperiosos, o el ejercicio o la defensa de posibles reclamaciones.\u00a0<\/small><small>Los usuarios tienen la facultad de solicitar a MUDRIMAQ SL que limite los tratamientos de sus datos personales cuando se cumplan los requisitos que el Reglamento UE 2016\/679 y la Ley Org\u00e1nica 3\/2018, de 5 de diciembre, de Protecci\u00f3n de Datos Personales y garant\u00eda de los derechos digitales exigen.<\/small><\/p>\n\n<p><small>MUDRIMAQ SL le informa que tiene implantadas las medidas de seguridad de \u00edndole t\u00e9cnica y organizativas necesarias que garanticen la seguridad de sus datos de car\u00e1cter personal y eviten su alteraci\u00f3n, p\u00e9rdida, tratamiento y\/o acceso no autorizado, seg\u00fan lo dispuesto en el RGPD 2016\/679 de 27 de abril de 2016 y la Ley Org\u00e1nica 3\/2018, de 5 de diciembre, de Protecci\u00f3n de Datos Personales y garant\u00eda de los derechos digitales. <\/small><small>Por \u00faltimo, informamos que cualquier interesado podr\u00e1 presentar una reclamaci\u00f3n ante la Agencia Espa\u00f1ola de Protecci\u00f3n de Datos, especialmente cuando no haya obtenido satisfacci\u00f3n en el ejercicio de sus derechos.\u00a0<\/small><small>Como usuario podr\u00e1s dirigir sus comunicaciones y ejercitar los derechos de acceso, rectificaci\u00f3n, cancelaci\u00f3n y oposici\u00f3n a trav\u00e9s de correo postal dirigiendo a responsable de la p\u00e1gina web junto con prueba v\u00e1lida en derecho, como fotocopia del DNI o equivalente, indicando en el asunto \u201cProtecci\u00f3n de Datos\u201d.\u00a0<\/small><small>Del mismo modo, podr\u00e1s darte de baja de cualquiera de los servicios de suscripci\u00f3n facilitados haciendo clic en el apartado de darse de baja de todos los correos electr\u00f3nicos remitidos. Si recibe los citados correos electr\u00f3nicos es que ha dado su autorizaci\u00f3n previa, ya que no se realizan las pr\u00e1cticas de env\u00edos no deseados (SPAM).<\/small><\/p>\n\n<p>\u00a0<\/p>\n\n<p><small>ACEPTACI\u00d3N Y CONSENTIMIENTO<\/small><\/p>\n\n<p><small>Declaras haber sido informado de las condiciones sobre protecci\u00f3n de datos de car\u00e1cter personal, aceptando y consintiendo el tratamiento de los mismos por parte de MUDRIMAQ SL en la forma y para las finalidades indicadas en esta pol\u00edtica de privacidad.<\/small><\/p>\n\n<p>\u00a0<\/p>\n\n<p><small>MODIFICACI\u00d3N EN LA POL\u00cdTICA DE PRIVACIDAD<\/small><\/p>\n\n<p><small>En cualquier momento puedo modificar la presente pol\u00edtica para adaptarla a novedades legislativas o jurisprudenciales, as\u00ed como a pr\u00e1cticas de la industria. En dichos supuestos, anunciar\u00e9 en esta p\u00e1gina los cambios introducidos con razonable antelaci\u00f3n a su puesta en pr\u00e1ctica.<\/small><\/p>\n\t\t\t\t\t\t\t\t<\/div>\n\t\t\t\t<\/div>\n\t\t\t\t\t<\/div>\n\t\t<\/div>\n\t\t\t\t\t<\/div>\n\t\t<\/section>\n\t\t\t\t<\/div>\n\t\t","protected":false},"excerpt":{"rendered":"<p>POL\u00cdTICA DE PRIVACIDAD Esta web cumple el Reglamento (UE) 2016\/679 del Parlamento Europeo y del Consejo, de 27 de abril de 2016, relativo a la protecci\u00f3n de las personas f\u00edsicas en lo que respecta al tratamiento de datos personales y a la libre circulaci\u00f3n de estos datos y por el que se deroga la Directiva &hellip; <\/p>\n<p class=\"link-more\"><a href=\"https:\/\/www.mudrimaq.es\/index.php\/politica-privacidad\/\" class=\"more-link\">Continue reading<span class=\"screen-reader-text\"> &#8220;Pol\u00edtica de privacidad&#8221;<\/span><\/a><\/p>\n","protected":false},"author":1,"featured_media":0,"parent":0,"menu_order":0,"comment_status":"closed","ping_status":"open","template":"","meta":{"footnotes":""},"class_list":["post-3","page","type-page","status-publish","hentry"],"_links":{"self":[{"href":"https:\/\/www.mudrimaq.es\/index.php\/wp-json\/wp\/v2\/pages\/3","targetHints":{"allow":["GET"]}}],"collection":[{"href":"https:\/\/www.mudrimaq.es\/index.php\/wp-json\/wp\/v2\/pages"}],"about":[{"href":"https:\/\/www.mudrimaq.es\/index.php\/wp-json\/wp\/v2\/types\/page"}],"author":[{"embeddable":true,"href":"https:\/\/www.mudrimaq.es\/index.php\/wp-json\/wp\/v2\/users\/1"}],"replies":[{"embeddable":true,"href":"https:\/\/www.mudrimaq.es\/index.php\/wp-json\/wp\/v2\/comments?post=3"}],"version-history":[{"count":18,"href":"https:\/\/www.mudrimaq.es\/index.php\/wp-json\/wp\/v2\/pages\/3\/revisions"}],"predecessor-version":[{"id":274,"href":"https:\/\/www.mudrimaq.es\/index.php\/wp-json\/wp\/v2\/pages\/3\/revisions\/274"}],"wp:attachment":[{"href":"https:\/\/www.mudrimaq.es\/index.php\/wp-json\/wp\/v2\/media?parent=3"}],"curies":[{"name":"wp","href":"https:\/\/api.w.org\/{rel}","templated":true}]}}