{"id":71,"date":"2022-08-19T15:18:04","date_gmt":"2022-08-19T15:18:04","guid":{"rendered":"http:\/\/www.mudrimaq.es\/?page_id=71"},"modified":"2022-08-23T08:35:37","modified_gmt":"2022-08-23T08:35:37","slug":"asesoramiento-tecnico-agricola","status":"publish","type":"page","link":"https:\/\/www.mudrimaq.es\/index.php\/asesoramiento-tecnico-agricola\/","title":{"rendered":"Asesoramiento agr\u00edcola"},"content":{"rendered":"\n<p>Ofrecemos servicios y gestiones de asesoramiento t\u00e9cnico agr\u00edcola en sus explotaciones: aplicaci\u00f3n de fertilizantes, tratamientos fitosanitarios, pulverizado, abonado, control de riegos, poda manual y con maquinaria, limpieza de \u00e1rboles,\u00a0eliminaci\u00f3n de hierbas,\u00a0repasos con\u00a0rotovatos y trituradoras, transformaci\u00f3n de tierras,\u00a0recolecci\u00f3n de frutas y verduras,\u00a0etc. <\/p>\n\n\n\n<p>\u00a1Todo, que es necesario para que el campo sea productivo y rentable!<\/p>\n","protected":false},"excerpt":{"rendered":"<p>Ofrecemos servicios y gestiones de asesoramiento t\u00e9cnico agr\u00edcola en sus explotaciones: aplicaci\u00f3n de fertilizantes, tratamientos fitosanitarios, pulverizado, abonado, control de riegos, poda manual y con maquinaria, limpieza de \u00e1rboles,\u00a0eliminaci\u00f3n de hierbas,\u00a0repasos con\u00a0rotovatos y trituradoras, transformaci\u00f3n de tierras,\u00a0recolecci\u00f3n de frutas y verduras,\u00a0etc. \u00a1Todo, que es necesario para que el campo sea productivo y rentable!<\/p>\n","protected":false},"author":1,"featured_media":88,"parent":0,"menu_order":0,"comment_status":"closed","ping_status":"closed","template":"","meta":{"footnotes":""},"class_list":["post-71","page","type-page","status-publish","has-post-thumbnail","hentry"],"_links":{"self":[{"href":"https:\/\/www.mudrimaq.es\/index.php\/wp-json\/wp\/v2\/pages\/71","targetHints":{"allow":["GET"]}}],"collection":[{"href":"https:\/\/www.mudrimaq.es\/index.php\/wp-json\/wp\/v2\/pages"}],"about":[{"href":"https:\/\/www.mudrimaq.es\/index.php\/wp-json\/wp\/v2\/types\/page"}],"author":[{"embeddable":true,"href":"https:\/\/www.mudrimaq.es\/index.php\/wp-json\/wp\/v2\/users\/1"}],"replies":[{"embeddable":true,"href":"https:\/\/www.mudrimaq.es\/index.php\/wp-json\/wp\/v2\/comments?post=71"}],"version-history":[{"count":6,"href":"https:\/\/www.mudrimaq.es\/index.php\/wp-json\/wp\/v2\/pages\/71\/revisions"}],"predecessor-version":[{"id":254,"href":"https:\/\/www.mudrimaq.es\/index.php\/wp-json\/wp\/v2\/pages\/71\/revisions\/254"}],"wp:featuredmedia":[{"embeddable":true,"href":"https:\/\/www.mudrimaq.es\/index.php\/wp-json\/wp\/v2\/media\/88"}],"wp:attachment":[{"href":"https:\/\/www.mudrimaq.es\/index.php\/wp-json\/wp\/v2\/media?parent=71"}],"curies":[{"name":"wp","href":"https:\/\/api.w.org\/{rel}","templated":true}]}}