{"id":73,"date":"2022-08-19T15:18:28","date_gmt":"2022-08-19T15:18:28","guid":{"rendered":"http:\/\/www.mudrimaq.es\/?page_id=73"},"modified":"2022-08-22T16:46:15","modified_gmt":"2022-08-22T16:46:15","slug":"maquinaria-industrial-e-agricola","status":"publish","type":"page","link":"https:\/\/www.mudrimaq.es\/index.php\/maquinaria-industrial-e-agricola\/","title":{"rendered":"Maquinaria industrial e agr\u00edcola"},"content":{"rendered":"\n<p>Nuestro objetivo es acompa\u00f1ar al cliente durante toda la gesti\u00f3n de compra-venta, cubriendo sus necesidades y orient\u00e1ndolo hacia las decisiones mas factibles, ofreci\u00e9ndole un gran abanico de posibilidades para una mejor decisi\u00f3n seg\u00fan sus necesidades.&nbsp;El servicio est\u00e1 dirigido tanto a aquellos que quieren comprar maquinaria nueva o de segunda mano, como a aquellos que deseen vender su maquinaria.&nbsp;<\/p>\n","protected":false},"excerpt":{"rendered":"<p>Nuestro objetivo es acompa\u00f1ar al cliente durante toda la gesti\u00f3n de compra-venta, cubriendo sus necesidades y orient\u00e1ndolo hacia las decisiones mas factibles, ofreci\u00e9ndole un gran abanico de posibilidades para una mejor decisi\u00f3n seg\u00fan sus necesidades.&nbsp;El servicio est\u00e1 dirigido tanto a aquellos que quieren comprar maquinaria nueva o de segunda mano, como a aquellos que deseen &hellip; <\/p>\n<p class=\"link-more\"><a href=\"https:\/\/www.mudrimaq.es\/index.php\/maquinaria-industrial-e-agricola\/\" class=\"more-link\">Continue reading<span class=\"screen-reader-text\"> &#8220;Maquinaria industrial e agr\u00edcola&#8221;<\/span><\/a><\/p>\n","protected":false},"author":1,"featured_media":236,"parent":0,"menu_order":0,"comment_status":"closed","ping_status":"closed","template":"","meta":{"footnotes":""},"class_list":["post-73","page","type-page","status-publish","has-post-thumbnail","hentry"],"_links":{"self":[{"href":"https:\/\/www.mudrimaq.es\/index.php\/wp-json\/wp\/v2\/pages\/73","targetHints":{"allow":["GET"]}}],"collection":[{"href":"https:\/\/www.mudrimaq.es\/index.php\/wp-json\/wp\/v2\/pages"}],"about":[{"href":"https:\/\/www.mudrimaq.es\/index.php\/wp-json\/wp\/v2\/types\/page"}],"author":[{"embeddable":true,"href":"https:\/\/www.mudrimaq.es\/index.php\/wp-json\/wp\/v2\/users\/1"}],"replies":[{"embeddable":true,"href":"https:\/\/www.mudrimaq.es\/index.php\/wp-json\/wp\/v2\/comments?post=73"}],"version-history":[{"count":3,"href":"https:\/\/www.mudrimaq.es\/index.php\/wp-json\/wp\/v2\/pages\/73\/revisions"}],"predecessor-version":[{"id":233,"href":"https:\/\/www.mudrimaq.es\/index.php\/wp-json\/wp\/v2\/pages\/73\/revisions\/233"}],"wp:featuredmedia":[{"embeddable":true,"href":"https:\/\/www.mudrimaq.es\/index.php\/wp-json\/wp\/v2\/media\/236"}],"wp:attachment":[{"href":"https:\/\/www.mudrimaq.es\/index.php\/wp-json\/wp\/v2\/media?parent=73"}],"curies":[{"name":"wp","href":"https:\/\/api.w.org\/{rel}","templated":true}]}}