{"id":75,"date":"2022-08-19T15:18:49","date_gmt":"2022-08-19T15:18:49","guid":{"rendered":"http:\/\/www.mudrimaq.es\/?page_id=75"},"modified":"2022-08-23T08:30:27","modified_gmt":"2022-08-23T08:30:27","slug":"productos-hortofruticolas","status":"publish","type":"page","link":"https:\/\/www.mudrimaq.es\/index.php\/productos-hortofruticolas\/","title":{"rendered":"Productos hortofrut\u00edcolas"},"content":{"rendered":"\n<p>Si est\u00e1n buscando frutas y verduras directo desde campo \u2013 podemos ayudaros! Tenemos productos de cosechas propias y de nuestras empresas-colaboradoras. Ofrecemos frutas y verduras de campo para su confecci\u00f3n y selecci\u00f3n en almacenes de producci\u00f3n. Adem\u00e1s, ofrecemos productos listos para su comercializaci\u00f3n \u2013 envasados, clasificados y paletizados.<\/p>\n","protected":false},"excerpt":{"rendered":"<p>Si est\u00e1n buscando frutas y verduras directo desde campo \u2013 podemos ayudaros! Tenemos productos de cosechas propias y de nuestras empresas-colaboradoras. Ofrecemos frutas y verduras de campo para su confecci\u00f3n y selecci\u00f3n en almacenes de producci\u00f3n. Adem\u00e1s, ofrecemos productos listos para su comercializaci\u00f3n \u2013 envasados, clasificados y paletizados.<\/p>\n","protected":false},"author":1,"featured_media":117,"parent":0,"menu_order":0,"comment_status":"closed","ping_status":"closed","template":"","meta":{"footnotes":""},"class_list":["post-75","page","type-page","status-publish","has-post-thumbnail","hentry"],"_links":{"self":[{"href":"https:\/\/www.mudrimaq.es\/index.php\/wp-json\/wp\/v2\/pages\/75","targetHints":{"allow":["GET"]}}],"collection":[{"href":"https:\/\/www.mudrimaq.es\/index.php\/wp-json\/wp\/v2\/pages"}],"about":[{"href":"https:\/\/www.mudrimaq.es\/index.php\/wp-json\/wp\/v2\/types\/page"}],"author":[{"embeddable":true,"href":"https:\/\/www.mudrimaq.es\/index.php\/wp-json\/wp\/v2\/users\/1"}],"replies":[{"embeddable":true,"href":"https:\/\/www.mudrimaq.es\/index.php\/wp-json\/wp\/v2\/comments?post=75"}],"version-history":[{"count":3,"href":"https:\/\/www.mudrimaq.es\/index.php\/wp-json\/wp\/v2\/pages\/75\/revisions"}],"predecessor-version":[{"id":241,"href":"https:\/\/www.mudrimaq.es\/index.php\/wp-json\/wp\/v2\/pages\/75\/revisions\/241"}],"wp:featuredmedia":[{"embeddable":true,"href":"https:\/\/www.mudrimaq.es\/index.php\/wp-json\/wp\/v2\/media\/117"}],"wp:attachment":[{"href":"https:\/\/www.mudrimaq.es\/index.php\/wp-json\/wp\/v2\/media?parent=75"}],"curies":[{"name":"wp","href":"https:\/\/api.w.org\/{rel}","templated":true}]}}